{"id":962,"date":"2021-02-01T16:29:11","date_gmt":"2021-02-01T16:29:11","guid":{"rendered":"https:\/\/hotelhaciendadelsol.com\/web\/?page_id=962"},"modified":"2021-02-01T17:13:43","modified_gmt":"2021-02-01T17:13:43","slug":"cultura-prehispanica","status":"publish","type":"page","link":"https:\/\/hotelhaciendadelsol.com\/web\/index.php\/es\/cultura-prehispanica\/","title":{"rendered":"Cultura prehispanica"},"content":{"rendered":"\t\t<div data-elementor-type=\"wp-page\" data-elementor-id=\"962\" class=\"elementor elementor-962\" data-elementor-post-type=\"page\">\n\t\t\t\t\t\t<section class=\"elementor-section elementor-top-section elementor-element elementor-element-c50838b elementor-section-boxed elementor-section-height-default elementor-section-height-default\" data-id=\"c50838b\" data-element_type=\"section\" data-settings=\"{&quot;background_background&quot;:&quot;classic&quot;}\">\n\t\t\t\t\t\t\t<div class=\"elementor-background-overlay\"><\/div>\n\t\t\t\t\t\t\t<div class=\"elementor-container elementor-column-gap-default\">\n\t\t\t\t\t<div class=\"elementor-column elementor-col-100 elementor-top-column elementor-element elementor-element-55b0429\" data-id=\"55b0429\" data-element_type=\"column\">\n\t\t\t<div class=\"elementor-widget-wrap elementor-element-populated\">\n\t\t\t\t\t\t<div class=\"elementor-element elementor-element-3428592 elementor-widget elementor-widget-heading\" data-id=\"3428592\" data-element_type=\"widget\" data-widget_type=\"heading.default\">\n\t\t\t\t\t<h3 class=\"elementor-heading-title elementor-size-default\">\u201cLugar por donde el sol sale\u201d.<\/h3>\t\t\t\t<\/div>\n\t\t\t\t<div class=\"elementor-element elementor-element-92570e2 elementor-widget-divider--view-line elementor-widget elementor-widget-divider\" data-id=\"92570e2\" data-element_type=\"widget\" data-widget_type=\"divider.default\">\n\t\t\t\t\t\t\t<div class=\"elementor-divider\">\n\t\t\t<span class=\"elementor-divider-separator\">\n\t\t\t\t\t\t<\/span>\n\t\t<\/div>\n\t\t\t\t\t\t<\/div>\n\t\t\t\t\t<\/div>\n\t\t<\/div>\n\t\t\t\t\t<\/div>\n\t\t<\/section>\n\t\t\t\t<section class=\"elementor-section elementor-top-section elementor-element elementor-element-01ffef0 elementor-section-boxed elementor-section-height-default elementor-section-height-default\" data-id=\"01ffef0\" data-element_type=\"section\">\n\t\t\t\t\t\t<div class=\"elementor-container elementor-column-gap-default\">\n\t\t\t\t\t<div class=\"elementor-column elementor-col-100 elementor-top-column elementor-element elementor-element-0aa0836\" data-id=\"0aa0836\" data-element_type=\"column\">\n\t\t\t<div class=\"elementor-widget-wrap elementor-element-populated\">\n\t\t\t\t\t\t<section class=\"elementor-section elementor-inner-section elementor-element elementor-element-66852a0 elementor-section-boxed elementor-section-height-default elementor-section-height-default\" data-id=\"66852a0\" data-element_type=\"section\">\n\t\t\t\t\t\t<div class=\"elementor-container elementor-column-gap-default\">\n\t\t\t\t\t<div class=\"elementor-column elementor-col-33 elementor-inner-column elementor-element elementor-element-0304c3f\" data-id=\"0304c3f\" data-element_type=\"column\">\n\t\t\t<div class=\"elementor-widget-wrap\">\n\t\t\t\t\t\t\t<\/div>\n\t\t<\/div>\n\t\t\t\t<div class=\"elementor-column elementor-col-33 elementor-inner-column elementor-element elementor-element-56e7952\" data-id=\"56e7952\" data-element_type=\"column\">\n\t\t\t<div class=\"elementor-widget-wrap elementor-element-populated\">\n\t\t\t\t\t\t<div class=\"elementor-element elementor-element-e5e7443 elementor-widget elementor-widget-heading\" data-id=\"e5e7443\" data-element_type=\"widget\" data-widget_type=\"heading.default\">\n\t\t\t\t\t<h2 class=\"elementor-heading-title elementor-size-default\">CULTURA PREHISPANICA<\/h2>\t\t\t\t<\/div>\n\t\t\t\t<div class=\"elementor-element elementor-element-151b4b0 elementor-widget-divider--view-line elementor-widget elementor-widget-divider\" data-id=\"151b4b0\" data-element_type=\"widget\" data-widget_type=\"divider.default\">\n\t\t\t\t\t\t\t<div class=\"elementor-divider\">\n\t\t\t<span class=\"elementor-divider-separator\">\n\t\t\t\t\t\t<\/span>\n\t\t<\/div>\n\t\t\t\t\t\t<\/div>\n\t\t\t\t\t<\/div>\n\t\t<\/div>\n\t\t\t\t<div class=\"elementor-column elementor-col-33 elementor-inner-column elementor-element elementor-element-775de24\" data-id=\"775de24\" data-element_type=\"column\">\n\t\t\t<div class=\"elementor-widget-wrap\">\n\t\t\t\t\t\t\t<\/div>\n\t\t<\/div>\n\t\t\t\t\t<\/div>\n\t\t<\/section>\n\t\t\t\t<div class=\"elementor-element elementor-element-9ddce3d elementor-widget elementor-widget-text-editor\" data-id=\"9ddce3d\" data-element_type=\"widget\" data-widget_type=\"text-editor.default\">\n\t\t\t\t\t\t\t\t\t<div class=\"field field-name-body field-type-text-with-summary field-label-hidden\">\n<div class=\"field-items\">\n<div class=\"field-item even\">\n<p>Tonal\u00e1 es un municipio de la Regi\u00f3n Centro del estado de Jalisco, M\u00e9xico.<\/p>\n<\/div>\n<\/div>\n<\/div>\n<div class=\"field field-name-field-region field-type-taxonomy-term-reference field-label-above\">\n<div class=\"field-label\">Regi\u00f3n: <span style=\"font-size: 16px;\">Centro<\/span><\/div>\n<\/div>\n<div class=\"field field-name-field-topon-mia field-type-text-long field-label-above\">\n<div class=\"field-label\">Toponimia:&nbsp; <span style=\"font-size: 16px;\">Tonal\u00e1 proviene del vocablo n\u00e1huatl Tonallan que significa: \u201clugar por donde el sol sale\u201d.<\/span><\/div>\n<div class=\"field-items\">\n<div class=\"field-item even\">\n<p>Algunos autores lo han interpretado de manera diferente, ya que para unos su significado es:&nbsp;lugar donde se lleva la cuenta de los d\u00edas; y para otros es: lugar dedicado al culto del sol. Sin embargo, la acepci\u00f3n m\u00e1s aceptada por los tonaltecas es la mencionada al principio.<\/p>\n<\/div>\n<\/div>\n<\/div>\n<div class=\"field field-name-field--rese-a-hist-rica field-type-text-long field-label-above\">\n<div class=\"field-label\">Rese\u00f1a hist\u00f3rica:&nbsp;<\/div>\n<div class=\"field-items\">\n<div class=\"field-item even\">\n<p>Tonal\u00e1 fue fundada por ind\u00edgenas zapotecas, quienes con el tiempo se mezclaron con otras tribus, entre ellas los toltecas que lograron imponer sus costumbres, religi\u00f3n y t\u00e9cnicas militares, entre otras cosas. Tambi\u00e9n llegaron a la regi\u00f3n tribus nahualtecas.<\/p>\n<p>Los habitantes de la zona hablaban el coca y el tecuexe, y se alimentaban de la caza y la pesca del r\u00edo Chicnahua (o Santiago). Adoraban a Teopilzintli o Dios ni\u00f1o, a quien ten\u00edan como deidad de los buenos temporales; a Heri la divinidad de las ciencias; y a Nayarit el Dios de la guerra. Particularmente en el poblado eran muy reverenciados Tenaguachi y Tezcatlipoca.<\/p>\n<p>Durante la guerra del Salitre, hacia 1510, los pur\u00e9pechas invadieron tierras del reino tonalteca.&nbsp; La monarca de Tonal\u00e1 reuni\u00f3 un poderoso ej\u00e9rcito que hizo frente y venci\u00f3 a los invasores. Se distinguieron por su valor: Coyotl, Pitl\u00e1loc, Copaya y Pilili, estos tres \u00faltimos hijos de Oxatac.&nbsp; En agradecimiento&nbsp; se les entregaron las tierras de Tlajomulco.<\/p>\n<p>A la llegada de los espa\u00f1oles en 1530,&nbsp; Tonall\u00e1n estaba gobernada por una mujer llamada Cihualpilli Tzapotzinco y ten\u00eda como tributarios a los se\u00f1or\u00edos de Tlaquepaque, Tololotl\u00e1n, Coyol\u00e1n, Mexquit\u00e1n, Tzalatit\u00e1n, Atemajac, Tetl\u00e1n, Tateposco,&nbsp; Tlaxomulco, Cuescomatit\u00e1n, Coyutl\u00e1n y Toluquilla.<\/p>\n<p>Al saberse la aproximaci\u00f3n de los extranjeros se dividieron en dos bandos, pues mientras Cihualpilli Tzapotzinco y algunos caciques opinaban por hacerles una recepci\u00f3n pac\u00edfica dado su invencible poder\u00edo, otros pretend\u00edan que se les resistiesen. Los valerosos caciques que se les opusieron fueron los de Coyolan, Ichcat\u00e1n, Tzalatit\u00e1n y Tetl\u00e1n, el \u00faltimo de los cuales estaba casado con una hija de la reina y por su valor, ejerc\u00eda gran influencia y fue reconocido como jefe: subieron a un cerro inmediato con el prop\u00f3sito de defender sus patrios lares.<\/p>\n<p>Los partidarios de la paz, mandaron al encuentro de los espa\u00f1oles a una delegaci\u00f3n formada por nobles y gente de los diversos cacicazgos, con obsequios como miel, aguacates, cebollas y algunas frutas, y para decirles que ya ten\u00edan noticias de su venida y que los esperaban amigablemente, aunque algunos de sus vecinos se opon\u00edan.<\/p>\n<p>Agradeci\u00f3 Nu\u00f1o de Guzm\u00e1n los obsequios y los exhort\u00f3 a que tuviesen el alimento suficiente para los reci\u00e9n llegados y sus caballos. Entre tanto, se hab\u00edan reunido los disidentes en la plaza de Tetl\u00e1n bajo el influjo de Tlacuiteuhtli, Cuauhtepizahuac, Cot\u00e1n y Catipamatac.<\/p>\n<p>Fue entonces Guzm\u00e1n bien recibido por la reina, d\u00e1ndole provisiones y obsequios, m\u00e1s antes de entrar a la cuidad aquel capit\u00e1n mand\u00f3 al maestro de campo con otros tres, y al escribano Hernando Sarmiento para que fuesen a requerir a los rebeldes que en n\u00famero de tres mil se hallaban posesionados de un cerro inmediato, para que prestasen obediencia al rey de Espa\u00f1a, requerimiento que obtuvo por respuesta una gran griter\u00eda y una lluvia de flechas. Debido a ello, Guzm\u00e1n dispuso el asalto dividiendo sus tropas en tres secciones.<\/p>\n<p>As\u00ed se inici\u00f3 un combate que dur\u00f3 varias horas, encontrando los conquistadores una obstinada y valerosa resistencia por parte de los naturales. Finalmente, los espa\u00f1oles impusieron su fuerza militar, no sin antes haber sufrido muchas p\u00e9rdidas.<\/p>\n<p>Despu\u00e9s de este enfrentamiento, Nu\u00f1o de Guzm\u00e1n tom\u00f3 posesi\u00f3n de la regi\u00f3n de Tonall\u00e1n el 25 de marzo de 1530; haciendo que la soberana Cihualpilli jurase obediencia al rey de Espa\u00f1a, mandando enseguida que en el Cerro donde acababan de defenderse los indios, se hiciese una enramada figurando un templo al que llam\u00f3 \u00bb Victoria de la Cruz \u00bb poniendo la insignia del cristianismo por remate, de&nbsp; un tama\u00f1o como de veinte varas, de manera que fuese visible desde lejos.<\/p>\n<p>Al ser bautizada Cihualpilli recibi\u00f3 el nombre de Juana Bautista; y su hijo que se llamaba Sangengui Xochitla recibi\u00f3 el nombre de Santiago V\u00e1zquez Palacio.<\/p>\n<p>Cuando parti\u00f3 Nu\u00f1o de Guzm\u00e1n dej\u00f3 al capit\u00e1n Diego V\u00e1zquez Buend\u00eda con algunos soldados a fin de que cuidaran las tierras conquistadas.<\/p>\n<p>Durante la dominaci\u00f3n espa\u00f1ola Tonall\u00e1n fue nombrada como corregimiento del reino de la Nueva Galicia con el nombre de Santiago de Tonal\u00e1.<\/p>\n<p>Por aproximadamente 18 meses, Tonal\u00e1 fue el segundo asentamiento de la trashumante Guadalajara, dicha villa se asent\u00f3 en este lugar del 8 de agosto de 1533 hasta febrero de 1535.<\/p>\n<p>De acuerdo a un censo realizado por la Real Audiencia en 1548,&nbsp; el pueblo de Tonal\u00e1 contaba entonces con 185 casas y 1,791 personas en la cabecera; 147 en Cuyutl\u00e1n ( hoy Coyula ), 79 en Juanacatl\u00e1n y 70 en Tengo.<\/p>\n<p>Los naturales de estas tierras eran descritos como \u00abobedientes, nobles, d\u00f3ciles\u00bb, por los frailes franciscanos Juan Pastrano, Miguel Padilla e Ignacio de la Vega en un documento fechado el 6 de octubre de 1615, en donde solicitan al monarca espa\u00f1ol les sean otorgados terrenos por c\u00e9dula real.&nbsp;<\/p>\n<p>Hacia 1621, los pueblos de Tonal\u00e1, Tololotl\u00e1n, San Mart\u00edn, San Gaspar y San Andr\u00e9s eran doctrinas de religiosos agustinos, quienes resid\u00edan en Tonal\u00e1.<\/p>\n<p>En esa misma \u00e9poca, eran muy conocidos unos ba\u00f1os de agua caliente que estaban en dicho pueblo; a ellos se refiere Domingo L\u00e1zaro de Arregui en los siguientes t\u00e9rminos \u00ab&#8230; se llaman Los Ba\u00f1os de Tonal\u00e1, donde algunos enfermos van a ba\u00f1arse y se hallan bien, y se tienen por buenos ba\u00f1os para enfermedades de causas fr\u00edas, apilaciones y bubas. Suele haber all\u00ed un xacal o casa de paja que mand\u00f3 hacer el se\u00f1or obispo D. Fr. Juan de Ovalle\u00bb.&nbsp;<\/p>\n<p>Por decreto del 27 de marzo de 1824, Tonal\u00e1 se convierte en uno de los 26 departamentos en que se dividi\u00f3 la entidad; comprendiendo los pueblos de Zapotlanejo, Juanacatl\u00e1n, Santa F\u00e9 y Tecualtit\u00e1n con las haciendas de Zapotlanejo y Miraflores. En este mismo decreto se le concedi\u00f3 el t\u00edtulo de villa al poblado de Tonal\u00e1.<\/p>\n<p>Por decreto del 14 de noviembre de 1824, Tonal\u00e1 deja de ser cabecera de departamento quedando subordinado a Zapotlanejo.<\/p>\n<p>Desde 1825 perteneci\u00f3 al 1er. Cant\u00f3n de Guadalajara; en ese a\u00f1o Tonal\u00e1 ya ten\u00eda Ayuntamiento y comprend\u00eda a los pueblos de Santa Cruz, Coyula, Tololotl\u00e1n y las congregaciones de Tateposco y Huertas.<\/p>\n<p>Por decreto n\u00famero 355 del 13 de mayo de 1889, Tonal\u00e1 que hab\u00eda pertenecido al departamento de Zapotlanejo (desde 1824) pas\u00f3 a pertenecer al de San Pedro.<\/p>\n<p>En el decreto n\u00famero 366 de fecha 17 de Septiembre de 1873, ya se menciona a Tonal\u00e1 como municipalidad.<\/p><p><br><\/p>\n<p>Fuente: <a href=\"https:\/\/www.jalisco.gob.mx\/es\/jalisco\/municipios\/tonala\">https:\/\/www.jalisco.gob.mx\/es\/jalisco\/municipios\/tonala<\/a><\/p>\n<\/div>\n<\/div>\n<\/div>\t\t\t\t\t\t\t\t<\/div>\n\t\t\t\t<section class=\"elementor-section elementor-inner-section elementor-element elementor-element-9664a30 elementor-section-boxed elementor-section-height-default elementor-section-height-default\" data-id=\"9664a30\" data-element_type=\"section\">\n\t\t\t\t\t\t<div class=\"elementor-container elementor-column-gap-default\">\n\t\t\t\t\t<div class=\"elementor-column elementor-col-50 elementor-inner-column elementor-element elementor-element-96f12da elementor-hidden-phone\" data-id=\"96f12da\" data-element_type=\"column\">\n\t\t\t<div class=\"elementor-widget-wrap\">\n\t\t\t\t\t\t\t<\/div>\n\t\t<\/div>\n\t\t\t\t<div class=\"elementor-column elementor-col-50 elementor-inner-column elementor-element elementor-element-22c0824\" data-id=\"22c0824\" data-element_type=\"column\">\n\t\t\t<div class=\"elementor-widget-wrap\">\n\t\t\t\t\t\t\t<\/div>\n\t\t<\/div>\n\t\t\t\t\t<\/div>\n\t\t<\/section>\n\t\t\t\t<div class=\"elementor-element elementor-element-76f94ab elementor-widget-divider--view-line elementor-widget elementor-widget-divider\" data-id=\"76f94ab\" data-element_type=\"widget\" data-widget_type=\"divider.default\">\n\t\t\t\t\t\t\t<div class=\"elementor-divider\">\n\t\t\t<span class=\"elementor-divider-separator\">\n\t\t\t\t\t\t<\/span>\n\t\t<\/div>\n\t\t\t\t\t\t<\/div>\n\t\t\t\t\t<\/div>\n\t\t<\/div>\n\t\t\t\t\t<\/div>\n\t\t<\/section>\n\t\t\t\t<\/div>\n\t\t","protected":false},"excerpt":{"rendered":"<p>\u201cLugar por donde el sol sale\u201d. CULTURA PREHISPANICA Tonal\u00e1 es un municipio de la Regi\u00f3n Centro del estado de Jalisco, M\u00e9xico. Regi\u00f3n: Centro Toponimia:&nbsp; Tonal\u00e1 proviene del vocablo n\u00e1huatl Tonallan que significa: \u201clugar por donde el sol sale\u201d. Algunos autores lo han interpretado de manera diferente, ya que para unos su significado es:&nbsp;lugar donde se [&hellip;]<\/p>\n","protected":false},"author":1,"featured_media":0,"parent":0,"menu_order":0,"comment_status":"closed","ping_status":"closed","template":"","meta":{"site-sidebar-layout":"no-sidebar","site-content-layout":"page-builder","ast-site-content-layout":"","site-content-style":"default","site-sidebar-style":"default","ast-global-header-display":"","ast-banner-title-visibility":"","ast-main-header-display":"","ast-hfb-above-header-display":"","ast-hfb-below-header-display":"","ast-hfb-mobile-header-display":"","site-post-title":"disabled","ast-breadcrumbs-content":"","ast-featured-img":"disabled","footer-sml-layout":"","theme-transparent-header-meta":"enabled","adv-header-id-meta":"","stick-header-meta":"","header-above-stick-meta":"","header-main-stick-meta":"","header-below-stick-meta":"","astra-migrate-meta-layouts":"default","ast-page-background-enabled":"default","ast-page-background-meta":{"desktop":{"background-color":"","background-image":"","background-repeat":"repeat","background-position":"center center","background-size":"auto","background-attachment":"scroll","background-type":"","background-media":"","overlay-type":"","overlay-color":"","overlay-opacity":"","overlay-gradient":""},"tablet":{"background-color":"","background-image":"","background-repeat":"repeat","background-position":"center center","background-size":"auto","background-attachment":"scroll","background-type":"","background-media":"","overlay-type":"","overlay-color":"","overlay-opacity":"","overlay-gradient":""},"mobile":{"background-color":"","background-image":"","background-repeat":"repeat","background-position":"center center","background-size":"auto","background-attachment":"scroll","background-type":"","background-media":"","overlay-type":"","overlay-color":"","overlay-opacity":"","overlay-gradient":""}},"ast-content-background-meta":{"desktop":{"background-color":"var(--ast-global-color-5)","background-image":"","background-repeat":"repeat","background-position":"center center","background-size":"auto","background-attachment":"scroll","background-type":"","background-media":"","overlay-type":"","overlay-color":"","overlay-opacity":"","overlay-gradient":""},"tablet":{"background-color":"var(--ast-global-color-5)","background-image":"","background-repeat":"repeat","background-position":"center center","background-size":"auto","background-attachment":"scroll","background-type":"","background-media":"","overlay-type":"","overlay-color":"","overlay-opacity":"","overlay-gradient":""},"mobile":{"background-color":"var(--ast-global-color-5)","background-image":"","background-repeat":"repeat","background-position":"center center","background-size":"auto","background-attachment":"scroll","background-type":"","background-media":"","overlay-type":"","overlay-color":"","overlay-opacity":"","overlay-gradient":""}},"_joinchat":[],"footnotes":""},"class_list":["post-962","page","type-page","status-publish","hentry"],"yoast_head":"<!-- This site is optimized with the Yoast SEO plugin v26.6 - https:\/\/yoast.com\/wordpress\/plugins\/seo\/ -->\n<title>Cultura prehispanica - Hotel Hacienda del Sol<\/title>\n<meta name=\"robots\" content=\"index, follow, max-snippet:-1, max-image-preview:large, max-video-preview:-1\" \/>\n<link rel=\"canonical\" href=\"https:\/\/hotelhaciendadelsol.com\/web\/index.php\/es\/cultura-prehispanica\/\" \/>\n<meta property=\"og:locale\" content=\"es_ES\" \/>\n<meta property=\"og:type\" content=\"article\" \/>\n<meta property=\"og:title\" content=\"Cultura prehispanica - Hotel Hacienda del Sol\" \/>\n<meta property=\"og:description\" content=\"\u201cLugar por donde el sol sale\u201d. CULTURA PREHISPANICA Tonal\u00e1 es un municipio de la Regi\u00f3n Centro del estado de Jalisco, M\u00e9xico. Regi\u00f3n: Centro Toponimia:&nbsp; Tonal\u00e1 proviene del vocablo n\u00e1huatl Tonallan que significa: \u201clugar por donde el sol sale\u201d. Algunos autores lo han interpretado de manera diferente, ya que para unos su significado es:&nbsp;lugar donde se [&hellip;]\" \/>\n<meta property=\"og:url\" content=\"https:\/\/hotelhaciendadelsol.com\/web\/index.php\/es\/cultura-prehispanica\/\" \/>\n<meta property=\"og:site_name\" content=\"Hotel Hacienda del Sol\" \/>\n<meta property=\"article:modified_time\" content=\"2021-02-01T17:13:43+00:00\" \/>\n<meta name=\"twitter:card\" content=\"summary_large_image\" \/>\n<meta name=\"twitter:label1\" content=\"Tiempo de lectura\" \/>\n\t<meta name=\"twitter:data1\" content=\"5 minutos\" \/>\n<script type=\"application\/ld+json\" class=\"yoast-schema-graph\">{\"@context\":\"https:\/\/schema.org\",\"@graph\":[{\"@type\":\"WebPage\",\"@id\":\"https:\/\/hotelhaciendadelsol.com\/web\/index.php\/es\/cultura-prehispanica\/\",\"url\":\"https:\/\/hotelhaciendadelsol.com\/web\/index.php\/es\/cultura-prehispanica\/\",\"name\":\"Cultura prehispanica - Hotel Hacienda del Sol\",\"isPartOf\":{\"@id\":\"https:\/\/hotelhaciendadelsol.com\/web\/#website\"},\"datePublished\":\"2021-02-01T16:29:11+00:00\",\"dateModified\":\"2021-02-01T17:13:43+00:00\",\"breadcrumb\":{\"@id\":\"https:\/\/hotelhaciendadelsol.com\/web\/index.php\/es\/cultura-prehispanica\/#breadcrumb\"},\"inLanguage\":\"es\",\"potentialAction\":[{\"@type\":\"ReadAction\",\"target\":[\"https:\/\/hotelhaciendadelsol.com\/web\/index.php\/es\/cultura-prehispanica\/\"]}]},{\"@type\":\"BreadcrumbList\",\"@id\":\"https:\/\/hotelhaciendadelsol.com\/web\/index.php\/es\/cultura-prehispanica\/#breadcrumb\",\"itemListElement\":[{\"@type\":\"ListItem\",\"position\":1,\"name\":\"Inicio\",\"item\":\"https:\/\/hotelhaciendadelsol.com\/web\/index.php\/es\/inicio\/\"},{\"@type\":\"ListItem\",\"position\":2,\"name\":\"Cultura prehispanica\"}]},{\"@type\":\"WebSite\",\"@id\":\"https:\/\/hotelhaciendadelsol.com\/web\/#website\",\"url\":\"https:\/\/hotelhaciendadelsol.com\/web\/\",\"name\":\"Hotel Hacienda del Sol\",\"description\":\"Hotel Hacienda del Sol - Tonala Jalisco Mexico\",\"publisher\":{\"@id\":\"https:\/\/hotelhaciendadelsol.com\/web\/#organization\"},\"potentialAction\":[{\"@type\":\"SearchAction\",\"target\":{\"@type\":\"EntryPoint\",\"urlTemplate\":\"https:\/\/hotelhaciendadelsol.com\/web\/?s={search_term_string}\"},\"query-input\":{\"@type\":\"PropertyValueSpecification\",\"valueRequired\":true,\"valueName\":\"search_term_string\"}}],\"inLanguage\":\"es\"},{\"@type\":\"Organization\",\"@id\":\"https:\/\/hotelhaciendadelsol.com\/web\/#organization\",\"name\":\"Hotel Hacienda del Sol\",\"url\":\"https:\/\/hotelhaciendadelsol.com\/web\/\",\"logo\":{\"@type\":\"ImageObject\",\"inLanguage\":\"es\",\"@id\":\"https:\/\/hotelhaciendadelsol.com\/web\/#\/schema\/logo\/image\/\",\"url\":\"https:\/\/hotelhaciendadelsol.com\/web\/wp-content\/uploads\/2021\/01\/logo-01-transp.fw_.png\",\"contentUrl\":\"https:\/\/hotelhaciendadelsol.com\/web\/wp-content\/uploads\/2021\/01\/logo-01-transp.fw_.png\",\"width\":1000,\"height\":150,\"caption\":\"Hotel Hacienda del Sol\"},\"image\":{\"@id\":\"https:\/\/hotelhaciendadelsol.com\/web\/#\/schema\/logo\/image\/\"}}]}<\/script>\n<!-- \/ Yoast SEO plugin. -->","yoast_head_json":{"title":"Cultura prehispanica - Hotel Hacienda del Sol","robots":{"index":"index","follow":"follow","max-snippet":"max-snippet:-1","max-image-preview":"max-image-preview:large","max-video-preview":"max-video-preview:-1"},"canonical":"https:\/\/hotelhaciendadelsol.com\/web\/index.php\/es\/cultura-prehispanica\/","og_locale":"es_ES","og_type":"article","og_title":"Cultura prehispanica - Hotel Hacienda del Sol","og_description":"\u201cLugar por donde el sol sale\u201d. CULTURA PREHISPANICA Tonal\u00e1 es un municipio de la Regi\u00f3n Centro del estado de Jalisco, M\u00e9xico. Regi\u00f3n: Centro Toponimia:&nbsp; Tonal\u00e1 proviene del vocablo n\u00e1huatl Tonallan que significa: \u201clugar por donde el sol sale\u201d. Algunos autores lo han interpretado de manera diferente, ya que para unos su significado es:&nbsp;lugar donde se [&hellip;]","og_url":"https:\/\/hotelhaciendadelsol.com\/web\/index.php\/es\/cultura-prehispanica\/","og_site_name":"Hotel Hacienda del Sol","article_modified_time":"2021-02-01T17:13:43+00:00","twitter_card":"summary_large_image","twitter_misc":{"Tiempo de lectura":"5 minutos"},"schema":{"@context":"https:\/\/schema.org","@graph":[{"@type":"WebPage","@id":"https:\/\/hotelhaciendadelsol.com\/web\/index.php\/es\/cultura-prehispanica\/","url":"https:\/\/hotelhaciendadelsol.com\/web\/index.php\/es\/cultura-prehispanica\/","name":"Cultura prehispanica - Hotel Hacienda del Sol","isPartOf":{"@id":"https:\/\/hotelhaciendadelsol.com\/web\/#website"},"datePublished":"2021-02-01T16:29:11+00:00","dateModified":"2021-02-01T17:13:43+00:00","breadcrumb":{"@id":"https:\/\/hotelhaciendadelsol.com\/web\/index.php\/es\/cultura-prehispanica\/#breadcrumb"},"inLanguage":"es","potentialAction":[{"@type":"ReadAction","target":["https:\/\/hotelhaciendadelsol.com\/web\/index.php\/es\/cultura-prehispanica\/"]}]},{"@type":"BreadcrumbList","@id":"https:\/\/hotelhaciendadelsol.com\/web\/index.php\/es\/cultura-prehispanica\/#breadcrumb","itemListElement":[{"@type":"ListItem","position":1,"name":"Inicio","item":"https:\/\/hotelhaciendadelsol.com\/web\/index.php\/es\/inicio\/"},{"@type":"ListItem","position":2,"name":"Cultura prehispanica"}]},{"@type":"WebSite","@id":"https:\/\/hotelhaciendadelsol.com\/web\/#website","url":"https:\/\/hotelhaciendadelsol.com\/web\/","name":"Hotel Hacienda del Sol","description":"Hotel Hacienda del Sol - Tonala Jalisco Mexico","publisher":{"@id":"https:\/\/hotelhaciendadelsol.com\/web\/#organization"},"potentialAction":[{"@type":"SearchAction","target":{"@type":"EntryPoint","urlTemplate":"https:\/\/hotelhaciendadelsol.com\/web\/?s={search_term_string}"},"query-input":{"@type":"PropertyValueSpecification","valueRequired":true,"valueName":"search_term_string"}}],"inLanguage":"es"},{"@type":"Organization","@id":"https:\/\/hotelhaciendadelsol.com\/web\/#organization","name":"Hotel Hacienda del Sol","url":"https:\/\/hotelhaciendadelsol.com\/web\/","logo":{"@type":"ImageObject","inLanguage":"es","@id":"https:\/\/hotelhaciendadelsol.com\/web\/#\/schema\/logo\/image\/","url":"https:\/\/hotelhaciendadelsol.com\/web\/wp-content\/uploads\/2021\/01\/logo-01-transp.fw_.png","contentUrl":"https:\/\/hotelhaciendadelsol.com\/web\/wp-content\/uploads\/2021\/01\/logo-01-transp.fw_.png","width":1000,"height":150,"caption":"Hotel Hacienda del Sol"},"image":{"@id":"https:\/\/hotelhaciendadelsol.com\/web\/#\/schema\/logo\/image\/"}}]}},"_links":{"self":[{"href":"https:\/\/hotelhaciendadelsol.com\/web\/index.php\/wp-json\/wp\/v2\/pages\/962","targetHints":{"allow":["GET"]}}],"collection":[{"href":"https:\/\/hotelhaciendadelsol.com\/web\/index.php\/wp-json\/wp\/v2\/pages"}],"about":[{"href":"https:\/\/hotelhaciendadelsol.com\/web\/index.php\/wp-json\/wp\/v2\/types\/page"}],"author":[{"embeddable":true,"href":"https:\/\/hotelhaciendadelsol.com\/web\/index.php\/wp-json\/wp\/v2\/users\/1"}],"replies":[{"embeddable":true,"href":"https:\/\/hotelhaciendadelsol.com\/web\/index.php\/wp-json\/wp\/v2\/comments?post=962"}],"version-history":[{"count":7,"href":"https:\/\/hotelhaciendadelsol.com\/web\/index.php\/wp-json\/wp\/v2\/pages\/962\/revisions"}],"predecessor-version":[{"id":1027,"href":"https:\/\/hotelhaciendadelsol.com\/web\/index.php\/wp-json\/wp\/v2\/pages\/962\/revisions\/1027"}],"wp:attachment":[{"href":"https:\/\/hotelhaciendadelsol.com\/web\/index.php\/wp-json\/wp\/v2\/media?parent=962"}],"curies":[{"name":"wp","href":"https:\/\/api.w.org\/{rel}","templated":true}]}}