{"id":971,"date":"2021-02-01T16:45:20","date_gmt":"2021-02-01T16:45:20","guid":{"rendered":"https:\/\/hotelhaciendadelsol.com\/web\/?page_id=971"},"modified":"2021-02-01T17:13:28","modified_gmt":"2021-02-01T17:13:28","slug":"prehispanic-culture","status":"publish","type":"page","link":"https:\/\/hotelhaciendadelsol.com\/web\/index.php\/en\/prehispanic-culture\/","title":{"rendered":"Prehispanic culture"},"content":{"rendered":"\t\t<div data-elementor-type=\"wp-page\" data-elementor-id=\"971\" class=\"elementor elementor-971\" data-elementor-post-type=\"page\">\n\t\t\t\t\t\t<section class=\"elementor-section elementor-top-section elementor-element elementor-element-c50838b elementor-section-boxed elementor-section-height-default elementor-section-height-default\" data-id=\"c50838b\" data-element_type=\"section\" data-settings=\"{&quot;background_background&quot;:&quot;classic&quot;}\">\n\t\t\t\t\t\t\t<div class=\"elementor-background-overlay\"><\/div>\n\t\t\t\t\t\t\t<div class=\"elementor-container elementor-column-gap-default\">\n\t\t\t\t\t<div class=\"elementor-column elementor-col-100 elementor-top-column elementor-element elementor-element-55b0429\" data-id=\"55b0429\" data-element_type=\"column\">\n\t\t\t<div class=\"elementor-widget-wrap elementor-element-populated\">\n\t\t\t\t\t\t<div class=\"elementor-element elementor-element-3428592 elementor-widget elementor-widget-heading\" data-id=\"3428592\" data-element_type=\"widget\" data-widget_type=\"heading.default\">\n\t\t\t\t\t<h3 class=\"elementor-heading-title elementor-size-default\">\"Place where the sun rises.\"<\/h3>\t\t\t\t<\/div>\n\t\t\t\t<div class=\"elementor-element elementor-element-92570e2 elementor-widget-divider--view-line elementor-widget elementor-widget-divider\" data-id=\"92570e2\" data-element_type=\"widget\" data-widget_type=\"divider.default\">\n\t\t\t\t\t\t\t<div class=\"elementor-divider\">\n\t\t\t<span class=\"elementor-divider-separator\">\n\t\t\t\t\t\t<\/span>\n\t\t<\/div>\n\t\t\t\t\t\t<\/div>\n\t\t\t\t\t<\/div>\n\t\t<\/div>\n\t\t\t\t\t<\/div>\n\t\t<\/section>\n\t\t\t\t<section class=\"elementor-section elementor-top-section elementor-element elementor-element-01ffef0 elementor-section-boxed elementor-section-height-default elementor-section-height-default\" data-id=\"01ffef0\" data-element_type=\"section\">\n\t\t\t\t\t\t<div class=\"elementor-container elementor-column-gap-default\">\n\t\t\t\t\t<div class=\"elementor-column elementor-col-100 elementor-top-column elementor-element elementor-element-0aa0836\" data-id=\"0aa0836\" data-element_type=\"column\">\n\t\t\t<div class=\"elementor-widget-wrap elementor-element-populated\">\n\t\t\t\t\t\t<section class=\"elementor-section elementor-inner-section elementor-element elementor-element-66852a0 elementor-section-boxed elementor-section-height-default elementor-section-height-default\" data-id=\"66852a0\" data-element_type=\"section\">\n\t\t\t\t\t\t<div class=\"elementor-container elementor-column-gap-default\">\n\t\t\t\t\t<div class=\"elementor-column elementor-col-33 elementor-inner-column elementor-element elementor-element-0304c3f\" data-id=\"0304c3f\" data-element_type=\"column\">\n\t\t\t<div class=\"elementor-widget-wrap\">\n\t\t\t\t\t\t\t<\/div>\n\t\t<\/div>\n\t\t\t\t<div class=\"elementor-column elementor-col-33 elementor-inner-column elementor-element elementor-element-56e7952\" data-id=\"56e7952\" data-element_type=\"column\">\n\t\t\t<div class=\"elementor-widget-wrap elementor-element-populated\">\n\t\t\t\t\t\t<div class=\"elementor-element elementor-element-e5e7443 elementor-widget elementor-widget-heading\" data-id=\"e5e7443\" data-element_type=\"widget\" data-widget_type=\"heading.default\">\n\t\t\t\t\t<h2 class=\"elementor-heading-title elementor-size-default\">PREHISPANIC Culture<\/h2>\t\t\t\t<\/div>\n\t\t\t\t<div class=\"elementor-element elementor-element-151b4b0 elementor-widget-divider--view-line elementor-widget elementor-widget-divider\" data-id=\"151b4b0\" data-element_type=\"widget\" data-widget_type=\"divider.default\">\n\t\t\t\t\t\t\t<div class=\"elementor-divider\">\n\t\t\t<span class=\"elementor-divider-separator\">\n\t\t\t\t\t\t<\/span>\n\t\t<\/div>\n\t\t\t\t\t\t<\/div>\n\t\t\t\t\t<\/div>\n\t\t<\/div>\n\t\t\t\t<div class=\"elementor-column elementor-col-33 elementor-inner-column elementor-element elementor-element-775de24\" data-id=\"775de24\" data-element_type=\"column\">\n\t\t\t<div class=\"elementor-widget-wrap\">\n\t\t\t\t\t\t\t<\/div>\n\t\t<\/div>\n\t\t\t\t\t<\/div>\n\t\t<\/section>\n\t\t\t\t<div class=\"elementor-element elementor-element-9ddce3d elementor-widget elementor-widget-text-editor\" data-id=\"9ddce3d\" data-element_type=\"widget\" data-widget_type=\"text-editor.default\">\n\t\t\t\t\t\t\t\t\t<div class=\"field field-name-body field-type-text-with-summary field-label-hidden\"><div class=\"field-items\"><div class=\"field-item even\">\u00a0<\/div><\/div><\/div><div class=\"field field-name-field--rese-a-hist-rica field-type-text-long field-label-above\"><div class=\"field-items\"><div class=\"field-item even\"><p>Tonal\u00e1 is a municipality in the Central Region of the state of Jalisco, Mexico.<\/p><p>Center Region<br \/>Toponymy: Tonal\u00e1 comes from the Nahuatl word Tonallan which means: \u201cplace where the sun rises\u201d.<\/p><p>Some authors have interpreted it differently, since for some its meaning is: place where the count of the days is kept; and for others it is: a place dedicated to the cult of the sun. However, the most accepted meaning by the Tonaltecas is the one mentioned at the beginning.<\/p><p>Historical review:<\/p><p>Tonal\u00e1 was founded by Zapotec Indians, who over time mixed with other tribes, including the Toltecs who managed to impose their customs, religion and military techniques, among other things. Nahualtec tribes also arrived in the region.<\/p><p>The inhabitants of the area spoke coca and tecuexe, and they fed on hunting and fishing from the Chicnahua (or Santiago) river. They worshiped Teopilzintli or child God, whom they had as a deity of good weather; to Heri the divinity of the sciences; and Nayarit the God of war. Particularly in the town, Tenaguachi and Tezcatlipoca were highly revered.<\/p><p>During the Salitre War, around 1510, the Pur\u00e9pecha invaded lands of the Tonalteca kingdom. The monarch of Tonal\u00e1 gathered a powerful army that faced and defeated the invaders. They were distinguished by their courage: Coyotl, Pitl\u00e1loc, Copaya and Pilili, these last three sons of Oxatac. In gratitude the lands of Tlajomulco were given to them.<\/p><p>Upon the arrival of the Spanish in 1530, Tonall\u00e1n was ruled by a woman named Cihualpilli Tzapotzinco and its tributaries were the dominions of Tlaquepaque, Tololotl\u00e1n, Coyol\u00e1n, Mexquit\u00e1n, Tzalatit\u00e1n, Atemajac, Tetl\u00e1n, Tateposco, Tlaxomulco, Cuescomutl\u00e1n and Tlaquillaquilla, Cuescomutl\u00e1n.<\/p><p>When the foreigners&#8217; approach was known, they divided into two camps, because while Cihualpilli Tzapotzinco and some caciques believed in giving them a peaceful reception given their invincible power, others wanted them to resist them. The courageous caciques who opposed them were those of Coyolan, Ichcat\u00e1n, Tzalatit\u00e1n and Tetl\u00e1n, the last of whom was married to a daughter of the queen and because of his courage, he exercised great influence and was recognized as chief: they climbed an immediate hill with the purpose of defending their homelands.<\/p><p>The peace supporters sent a delegation made up of nobles and people from the various chiefdoms to meet the Spaniards, with gifts such as honey, avocados, onions and some fruits, and to tell them that they already had news of his coming and that the they waited amicably, although some of their neighbors were opposed.<\/p><p>Nu\u00f1o de Guzm\u00e1n thanked the gifts and exhorted them to have enough food for the newcomers and their horses. Meanwhile, the dissidents had gathered in the Plaza de Tetl\u00e1n under the influence of Tlacuiteuhtli, Cuauhtepizahuac, Cot\u00e1n, and Catipamatac.<\/p><p>Guzm\u00e1n was then well received by the queen, giving him provisions and gifts, but before entering the city that captain sent the field teacher with three others, and the clerk Hernando Sarmiento to go to require the rebels to number three One thousand were in possession of an immediate hill, so that they would render obedience to the King of Spain, a request that received a great shouting and a shower of arrows in response. Because of this, Guzm\u00e1n arranged the assault by dividing his troops into three sections.<\/p><p>Thus began a combat that lasted several hours, finding the conquerors stubborn and courageous resistance on the part of the natives. Finally, the Spanish imposed their military force, but not before having suffered many losses.<\/p><p>After this confrontation, Nu\u00f1o de Guzm\u00e1n took possession of the Tonall\u00e1n region on March 25, 1530; causing the sovereign Cihualpilli to swear obedience to the King of Spain, immediately ordering that on the hill where the Indians had just defended themselves, an arbor be built depicting a temple which he called \u00abVictoria de la Cruz\u00bb, putting the insignia of Christianity at the top, of a size of about twenty yards, so that it was visible from afar.<\/p><p>When she was baptized Cihualpilli she received the name of Juana Bautista; and her son named Sangengui Xochitla received the name of Santiago V\u00e1zquez Palacio.<\/p><p>When Nu\u00f1o de Guzm\u00e1n left, he left Captain Diego V\u00e1zquez Buend\u00eda with some soldiers to take care of the conquered lands.<\/p><p>During the Spanish domination Tonall\u00e1n was named as a district of the kingdom of New Galicia with the name of Santiago de Tonal\u00e1.<\/p><p>For approximately 18 months, Tonal\u00e1 was the second settlement of the migrant Guadalajara, said town settled in this place from August 8, 1533 to February 1535.<\/p><p>According to a census carried out by the Royal Court in 1548, the town of Tonal\u00e1 then had 185 houses and 1,791 people in the head; 147 in Cuyutl\u00e1n (today Coyula), 79 in Juanacatl\u00e1n and 70 in Tengo.<\/p><p>Translation provided by google<\/p><p>Source: <a href=\"https:\/\/www.jalisco.gob.mx\/es\/jalisco\/municipios\/tonala\">https:\/\/www.jalisco.gob.mx\/es\/jalisco\/municipios\/tonala<\/a><\/p><\/div><\/div><\/div>\t\t\t\t\t\t\t\t<\/div>\n\t\t\t\t<section class=\"elementor-section elementor-inner-section elementor-element elementor-element-9664a30 elementor-section-boxed elementor-section-height-default elementor-section-height-default\" data-id=\"9664a30\" data-element_type=\"section\">\n\t\t\t\t\t\t<div class=\"elementor-container elementor-column-gap-default\">\n\t\t\t\t\t<div class=\"elementor-column elementor-col-50 elementor-inner-column elementor-element elementor-element-96f12da elementor-hidden-phone\" data-id=\"96f12da\" data-element_type=\"column\">\n\t\t\t<div class=\"elementor-widget-wrap\">\n\t\t\t\t\t\t\t<\/div>\n\t\t<\/div>\n\t\t\t\t<div class=\"elementor-column elementor-col-50 elementor-inner-column elementor-element elementor-element-22c0824\" data-id=\"22c0824\" data-element_type=\"column\">\n\t\t\t<div class=\"elementor-widget-wrap\">\n\t\t\t\t\t\t\t<\/div>\n\t\t<\/div>\n\t\t\t\t\t<\/div>\n\t\t<\/section>\n\t\t\t\t<div class=\"elementor-element elementor-element-76f94ab elementor-widget-divider--view-line elementor-widget elementor-widget-divider\" data-id=\"76f94ab\" data-element_type=\"widget\" data-widget_type=\"divider.default\">\n\t\t\t\t\t\t\t<div class=\"elementor-divider\">\n\t\t\t<span class=\"elementor-divider-separator\">\n\t\t\t\t\t\t<\/span>\n\t\t<\/div>\n\t\t\t\t\t\t<\/div>\n\t\t\t\t\t<\/div>\n\t\t<\/div>\n\t\t\t\t\t<\/div>\n\t\t<\/section>\n\t\t\t\t<\/div>\n\t\t","protected":false},"excerpt":{"rendered":"<p>\u00abPlace where the sun rises.\u00bb PREHISPANIC Culture \u00a0 Tonal\u00e1 is a municipality in the Central Region of the state of Jalisco, Mexico. Center RegionToponymy: Tonal\u00e1 comes from the Nahuatl word Tonallan which means: \u201cplace where the sun rises\u201d. Some authors have interpreted it differently, since for some its meaning is: place where the count of [&hellip;]<\/p>\n","protected":false},"author":1,"featured_media":0,"parent":0,"menu_order":0,"comment_status":"closed","ping_status":"closed","template":"","meta":{"site-sidebar-layout":"no-sidebar","site-content-layout":"page-builder","ast-site-content-layout":"","site-content-style":"default","site-sidebar-style":"default","ast-global-header-display":"","ast-banner-title-visibility":"","ast-main-header-display":"","ast-hfb-above-header-display":"","ast-hfb-below-header-display":"","ast-hfb-mobile-header-display":"","site-post-title":"disabled","ast-breadcrumbs-content":"","ast-featured-img":"disabled","footer-sml-layout":"","theme-transparent-header-meta":"enabled","adv-header-id-meta":"","stick-header-meta":"","header-above-stick-meta":"","header-main-stick-meta":"","header-below-stick-meta":"","astra-migrate-meta-layouts":"default","ast-page-background-enabled":"default","ast-page-background-meta":{"desktop":{"background-color":"","background-image":"","background-repeat":"repeat","background-position":"center center","background-size":"auto","background-attachment":"scroll","background-type":"","background-media":"","overlay-type":"","overlay-color":"","overlay-opacity":"","overlay-gradient":""},"tablet":{"background-color":"","background-image":"","background-repeat":"repeat","background-position":"center center","background-size":"auto","background-attachment":"scroll","background-type":"","background-media":"","overlay-type":"","overlay-color":"","overlay-opacity":"","overlay-gradient":""},"mobile":{"background-color":"","background-image":"","background-repeat":"repeat","background-position":"center center","background-size":"auto","background-attachment":"scroll","background-type":"","background-media":"","overlay-type":"","overlay-color":"","overlay-opacity":"","overlay-gradient":""}},"ast-content-background-meta":{"desktop":{"background-color":"var(--ast-global-color-5)","background-image":"","background-repeat":"repeat","background-position":"center center","background-size":"auto","background-attachment":"scroll","background-type":"","background-media":"","overlay-type":"","overlay-color":"","overlay-opacity":"","overlay-gradient":""},"tablet":{"background-color":"var(--ast-global-color-5)","background-image":"","background-repeat":"repeat","background-position":"center center","background-size":"auto","background-attachment":"scroll","background-type":"","background-media":"","overlay-type":"","overlay-color":"","overlay-opacity":"","overlay-gradient":""},"mobile":{"background-color":"var(--ast-global-color-5)","background-image":"","background-repeat":"repeat","background-position":"center center","background-size":"auto","background-attachment":"scroll","background-type":"","background-media":"","overlay-type":"","overlay-color":"","overlay-opacity":"","overlay-gradient":""}},"_joinchat":[],"footnotes":""},"class_list":["post-971","page","type-page","status-publish","hentry"],"yoast_head":"<!-- This site is optimized with the Yoast SEO plugin v26.6 - https:\/\/yoast.com\/wordpress\/plugins\/seo\/ -->\n<title>Prehispanic culture - Hotel Hacienda del Sol<\/title>\n<meta name=\"robots\" content=\"index, follow, max-snippet:-1, max-image-preview:large, max-video-preview:-1\" \/>\n<link rel=\"canonical\" href=\"https:\/\/hotelhaciendadelsol.com\/web\/index.php\/en\/prehispanic-culture\/\" \/>\n<meta property=\"og:locale\" content=\"es_ES\" \/>\n<meta property=\"og:type\" content=\"article\" \/>\n<meta property=\"og:title\" content=\"Prehispanic culture - Hotel Hacienda del Sol\" \/>\n<meta property=\"og:description\" content=\"\u00abPlace where the sun rises.\u00bb PREHISPANIC Culture \u00a0 Tonal\u00e1 is a municipality in the Central Region of the state of Jalisco, Mexico. Center RegionToponymy: Tonal\u00e1 comes from the Nahuatl word Tonallan which means: \u201cplace where the sun rises\u201d. Some authors have interpreted it differently, since for some its meaning is: place where the count of [&hellip;]\" \/>\n<meta property=\"og:url\" content=\"https:\/\/hotelhaciendadelsol.com\/web\/index.php\/en\/prehispanic-culture\/\" \/>\n<meta property=\"og:site_name\" content=\"Hotel Hacienda del Sol\" \/>\n<meta property=\"article:modified_time\" content=\"2021-02-01T17:13:28+00:00\" \/>\n<meta name=\"twitter:card\" content=\"summary_large_image\" \/>\n<meta name=\"twitter:label1\" content=\"Tiempo de lectura\" \/>\n\t<meta name=\"twitter:data1\" content=\"4 minutos\" \/>\n<script type=\"application\/ld+json\" class=\"yoast-schema-graph\">{\"@context\":\"https:\/\/schema.org\",\"@graph\":[{\"@type\":\"WebPage\",\"@id\":\"https:\/\/hotelhaciendadelsol.com\/web\/index.php\/en\/prehispanic-culture\/\",\"url\":\"https:\/\/hotelhaciendadelsol.com\/web\/index.php\/en\/prehispanic-culture\/\",\"name\":\"Prehispanic culture - Hotel Hacienda del Sol\",\"isPartOf\":{\"@id\":\"https:\/\/hotelhaciendadelsol.com\/web\/#website\"},\"datePublished\":\"2021-02-01T16:45:20+00:00\",\"dateModified\":\"2021-02-01T17:13:28+00:00\",\"breadcrumb\":{\"@id\":\"https:\/\/hotelhaciendadelsol.com\/web\/index.php\/en\/prehispanic-culture\/#breadcrumb\"},\"inLanguage\":\"es\",\"potentialAction\":[{\"@type\":\"ReadAction\",\"target\":[\"https:\/\/hotelhaciendadelsol.com\/web\/index.php\/en\/prehispanic-culture\/\"]}]},{\"@type\":\"BreadcrumbList\",\"@id\":\"https:\/\/hotelhaciendadelsol.com\/web\/index.php\/en\/prehispanic-culture\/#breadcrumb\",\"itemListElement\":[{\"@type\":\"ListItem\",\"position\":1,\"name\":\"Inicio\",\"item\":\"https:\/\/hotelhaciendadelsol.com\/web\/index.php\/es\/inicio\/\"},{\"@type\":\"ListItem\",\"position\":2,\"name\":\"Prehispanic culture\"}]},{\"@type\":\"WebSite\",\"@id\":\"https:\/\/hotelhaciendadelsol.com\/web\/#website\",\"url\":\"https:\/\/hotelhaciendadelsol.com\/web\/\",\"name\":\"Hotel Hacienda del Sol\",\"description\":\"Hotel Hacienda del Sol - Tonala Jalisco Mexico\",\"publisher\":{\"@id\":\"https:\/\/hotelhaciendadelsol.com\/web\/#organization\"},\"potentialAction\":[{\"@type\":\"SearchAction\",\"target\":{\"@type\":\"EntryPoint\",\"urlTemplate\":\"https:\/\/hotelhaciendadelsol.com\/web\/?s={search_term_string}\"},\"query-input\":{\"@type\":\"PropertyValueSpecification\",\"valueRequired\":true,\"valueName\":\"search_term_string\"}}],\"inLanguage\":\"es\"},{\"@type\":\"Organization\",\"@id\":\"https:\/\/hotelhaciendadelsol.com\/web\/#organization\",\"name\":\"Hotel Hacienda del Sol\",\"url\":\"https:\/\/hotelhaciendadelsol.com\/web\/\",\"logo\":{\"@type\":\"ImageObject\",\"inLanguage\":\"es\",\"@id\":\"https:\/\/hotelhaciendadelsol.com\/web\/#\/schema\/logo\/image\/\",\"url\":\"https:\/\/hotelhaciendadelsol.com\/web\/wp-content\/uploads\/2021\/01\/logo-01-transp.fw_.png\",\"contentUrl\":\"https:\/\/hotelhaciendadelsol.com\/web\/wp-content\/uploads\/2021\/01\/logo-01-transp.fw_.png\",\"width\":1000,\"height\":150,\"caption\":\"Hotel Hacienda del Sol\"},\"image\":{\"@id\":\"https:\/\/hotelhaciendadelsol.com\/web\/#\/schema\/logo\/image\/\"}}]}<\/script>\n<!-- \/ Yoast SEO plugin. -->","yoast_head_json":{"title":"Prehispanic culture - Hotel Hacienda del Sol","robots":{"index":"index","follow":"follow","max-snippet":"max-snippet:-1","max-image-preview":"max-image-preview:large","max-video-preview":"max-video-preview:-1"},"canonical":"https:\/\/hotelhaciendadelsol.com\/web\/index.php\/en\/prehispanic-culture\/","og_locale":"es_ES","og_type":"article","og_title":"Prehispanic culture - Hotel Hacienda del Sol","og_description":"\u00abPlace where the sun rises.\u00bb PREHISPANIC Culture \u00a0 Tonal\u00e1 is a municipality in the Central Region of the state of Jalisco, Mexico. Center RegionToponymy: Tonal\u00e1 comes from the Nahuatl word Tonallan which means: \u201cplace where the sun rises\u201d. Some authors have interpreted it differently, since for some its meaning is: place where the count of [&hellip;]","og_url":"https:\/\/hotelhaciendadelsol.com\/web\/index.php\/en\/prehispanic-culture\/","og_site_name":"Hotel Hacienda del Sol","article_modified_time":"2021-02-01T17:13:28+00:00","twitter_card":"summary_large_image","twitter_misc":{"Tiempo de lectura":"4 minutos"},"schema":{"@context":"https:\/\/schema.org","@graph":[{"@type":"WebPage","@id":"https:\/\/hotelhaciendadelsol.com\/web\/index.php\/en\/prehispanic-culture\/","url":"https:\/\/hotelhaciendadelsol.com\/web\/index.php\/en\/prehispanic-culture\/","name":"Prehispanic culture - Hotel Hacienda del Sol","isPartOf":{"@id":"https:\/\/hotelhaciendadelsol.com\/web\/#website"},"datePublished":"2021-02-01T16:45:20+00:00","dateModified":"2021-02-01T17:13:28+00:00","breadcrumb":{"@id":"https:\/\/hotelhaciendadelsol.com\/web\/index.php\/en\/prehispanic-culture\/#breadcrumb"},"inLanguage":"es","potentialAction":[{"@type":"ReadAction","target":["https:\/\/hotelhaciendadelsol.com\/web\/index.php\/en\/prehispanic-culture\/"]}]},{"@type":"BreadcrumbList","@id":"https:\/\/hotelhaciendadelsol.com\/web\/index.php\/en\/prehispanic-culture\/#breadcrumb","itemListElement":[{"@type":"ListItem","position":1,"name":"Inicio","item":"https:\/\/hotelhaciendadelsol.com\/web\/index.php\/es\/inicio\/"},{"@type":"ListItem","position":2,"name":"Prehispanic culture"}]},{"@type":"WebSite","@id":"https:\/\/hotelhaciendadelsol.com\/web\/#website","url":"https:\/\/hotelhaciendadelsol.com\/web\/","name":"Hotel Hacienda del Sol","description":"Hotel Hacienda del Sol - Tonala Jalisco Mexico","publisher":{"@id":"https:\/\/hotelhaciendadelsol.com\/web\/#organization"},"potentialAction":[{"@type":"SearchAction","target":{"@type":"EntryPoint","urlTemplate":"https:\/\/hotelhaciendadelsol.com\/web\/?s={search_term_string}"},"query-input":{"@type":"PropertyValueSpecification","valueRequired":true,"valueName":"search_term_string"}}],"inLanguage":"es"},{"@type":"Organization","@id":"https:\/\/hotelhaciendadelsol.com\/web\/#organization","name":"Hotel Hacienda del Sol","url":"https:\/\/hotelhaciendadelsol.com\/web\/","logo":{"@type":"ImageObject","inLanguage":"es","@id":"https:\/\/hotelhaciendadelsol.com\/web\/#\/schema\/logo\/image\/","url":"https:\/\/hotelhaciendadelsol.com\/web\/wp-content\/uploads\/2021\/01\/logo-01-transp.fw_.png","contentUrl":"https:\/\/hotelhaciendadelsol.com\/web\/wp-content\/uploads\/2021\/01\/logo-01-transp.fw_.png","width":1000,"height":150,"caption":"Hotel Hacienda del Sol"},"image":{"@id":"https:\/\/hotelhaciendadelsol.com\/web\/#\/schema\/logo\/image\/"}}]}},"_links":{"self":[{"href":"https:\/\/hotelhaciendadelsol.com\/web\/index.php\/wp-json\/wp\/v2\/pages\/971","targetHints":{"allow":["GET"]}}],"collection":[{"href":"https:\/\/hotelhaciendadelsol.com\/web\/index.php\/wp-json\/wp\/v2\/pages"}],"about":[{"href":"https:\/\/hotelhaciendadelsol.com\/web\/index.php\/wp-json\/wp\/v2\/types\/page"}],"author":[{"embeddable":true,"href":"https:\/\/hotelhaciendadelsol.com\/web\/index.php\/wp-json\/wp\/v2\/users\/1"}],"replies":[{"embeddable":true,"href":"https:\/\/hotelhaciendadelsol.com\/web\/index.php\/wp-json\/wp\/v2\/comments?post=971"}],"version-history":[{"count":7,"href":"https:\/\/hotelhaciendadelsol.com\/web\/index.php\/wp-json\/wp\/v2\/pages\/971\/revisions"}],"predecessor-version":[{"id":1024,"href":"https:\/\/hotelhaciendadelsol.com\/web\/index.php\/wp-json\/wp\/v2\/pages\/971\/revisions\/1024"}],"wp:attachment":[{"href":"https:\/\/hotelhaciendadelsol.com\/web\/index.php\/wp-json\/wp\/v2\/media?parent=971"}],"curies":[{"name":"wp","href":"https:\/\/api.w.org\/{rel}","templated":true}]}}